{"id":4292,"date":"2024-08-05T13:00:55","date_gmt":"2024-08-05T11:00:55","guid":{"rendered":"https:\/\/entermatic.pl\/heim"},"modified":"2025-05-09T08:10:41","modified_gmt":"2025-05-09T06:10:41","slug":"heim","status":"publish","type":"page","link":"https:\/\/entermatic.pl\/de","title":{"rendered":"Heim"},"content":{"rendered":"","protected":false},"excerpt":{"rendered":"","protected":false},"author":5,"featured_media":0,"parent":0,"menu_order":0,"comment_status":"closed","ping_status":"closed","template":"","meta":{"footnotes":""},"class_list":["post-4292","page","type-page","status-publish","hentry"],"yoast_head":"<!-- This site is optimized with the Yoast SEO plugin v27.4 - https:\/\/yoast.com\/product\/yoast-seo-wordpress\/ -->\n<title>Hersteller von Aluminiumtischlerei, Fenstern und Au\u00dfent\u00fcren - Entermatic Zielona G\u00f3ra<\/title>\n<meta name=\"description\" content=\"Entermatic Zielona G\u00f3ra \u27a4 Hersteller von Aluminium-Tischlerei Sehen Sie \u2714 sich das Angebot f\u00fcr Au\u00dfent\u00fcren und Aluminiumfenster sowie f\u00fcr Fassaden, Rolll\u00e4den und Pergolen \u2714 an\" \/>\n<meta name=\"robots\" content=\"index, follow, max-snippet:-1, max-image-preview:large, max-video-preview:-1\" \/>\n<link rel=\"canonical\" href=\"https:\/\/entermatic.pl\/de\" \/>\n<meta property=\"og:locale\" content=\"de_DE\" \/>\n<meta property=\"og:type\" content=\"article\" \/>\n<meta property=\"og:title\" content=\"Hersteller von Aluminiumtischlerei, Fenstern und Au\u00dfent\u00fcren - Entermatic Zielona G\u00f3ra\" \/>\n<meta property=\"og:description\" content=\"Entermatic Zielona G\u00f3ra \u27a4 Hersteller von Aluminium-Tischlerei Sehen Sie \u2714 sich das Angebot f\u00fcr Au\u00dfent\u00fcren und Aluminiumfenster sowie f\u00fcr Fassaden, Rolll\u00e4den und Pergolen \u2714 an\" \/>\n<meta property=\"og:url\" content=\"https:\/\/entermatic.pl\/de\" \/>\n<meta property=\"og:site_name\" content=\"Entermatic\" \/>\n<meta property=\"article:modified_time\" content=\"2025-05-09T06:10:41+00:00\" \/>\n<meta name=\"twitter:card\" content=\"summary_large_image\" \/>\n<script type=\"application\/ld+json\" class=\"yoast-schema-graph\">{\"@context\":\"https:\\\/\\\/schema.org\",\"@graph\":[{\"@type\":\"WebPage\",\"@id\":\"https:\\\/\\\/entermatic.pl\\\/de\",\"url\":\"https:\\\/\\\/entermatic.pl\\\/de\",\"name\":\"Hersteller von Aluminiumtischlerei, Fenstern und Au\u00dfent\u00fcren - Entermatic Zielona G\u00f3ra\",\"isPartOf\":{\"@id\":\"https:\\\/\\\/entermatic.pl\\\/de#website\"},\"datePublished\":\"2024-08-05T11:00:55+00:00\",\"dateModified\":\"2025-05-09T06:10:41+00:00\",\"description\":\"Entermatic Zielona G\u00f3ra \u27a4 Hersteller von Aluminium-Tischlerei Sehen Sie \u2714 sich das Angebot f\u00fcr Au\u00dfent\u00fcren und Aluminiumfenster sowie f\u00fcr Fassaden, Rolll\u00e4den und Pergolen \u2714 an\",\"breadcrumb\":{\"@id\":\"https:\\\/\\\/entermatic.pl\\\/de#breadcrumb\"},\"inLanguage\":\"de\",\"potentialAction\":[{\"@type\":\"ReadAction\",\"target\":[\"https:\\\/\\\/entermatic.pl\\\/de\"]}]},{\"@type\":\"BreadcrumbList\",\"@id\":\"https:\\\/\\\/entermatic.pl\\\/de#breadcrumb\",\"itemListElement\":[{\"@type\":\"ListItem\",\"position\":1,\"name\":\"Strona g\u0142\u00f3wna\",\"item\":\"https:\\\/\\\/entermatic.pl\\\/de\"},{\"@type\":\"ListItem\",\"position\":2,\"name\":\"Heim\"}]},{\"@type\":\"WebSite\",\"@id\":\"https:\\\/\\\/entermatic.pl\\\/de#website\",\"url\":\"https:\\\/\\\/entermatic.pl\\\/de\",\"name\":\"Entermatic\",\"description\":\"\",\"potentialAction\":[{\"@type\":\"SearchAction\",\"target\":{\"@type\":\"EntryPoint\",\"urlTemplate\":\"https:\\\/\\\/entermatic.pl\\\/de?s={search_term_string}\"},\"query-input\":{\"@type\":\"PropertyValueSpecification\",\"valueRequired\":true,\"valueName\":\"search_term_string\"}}],\"inLanguage\":\"de\"}]}<\/script>\n<!-- \/ Yoast SEO plugin. -->","yoast_head_json":{"title":"Hersteller von Aluminiumtischlerei, Fenstern und Au\u00dfent\u00fcren - Entermatic Zielona G\u00f3ra","description":"Entermatic Zielona G\u00f3ra \u27a4 Hersteller von Aluminium-Tischlerei Sehen Sie \u2714 sich das Angebot f\u00fcr Au\u00dfent\u00fcren und Aluminiumfenster sowie f\u00fcr Fassaden, Rolll\u00e4den und Pergolen \u2714 an","robots":{"index":"index","follow":"follow","max-snippet":"max-snippet:-1","max-image-preview":"max-image-preview:large","max-video-preview":"max-video-preview:-1"},"canonical":"https:\/\/entermatic.pl\/de","og_locale":"de_DE","og_type":"article","og_title":"Hersteller von Aluminiumtischlerei, Fenstern und Au\u00dfent\u00fcren - Entermatic Zielona G\u00f3ra","og_description":"Entermatic Zielona G\u00f3ra \u27a4 Hersteller von Aluminium-Tischlerei Sehen Sie \u2714 sich das Angebot f\u00fcr Au\u00dfent\u00fcren und Aluminiumfenster sowie f\u00fcr Fassaden, Rolll\u00e4den und Pergolen \u2714 an","og_url":"https:\/\/entermatic.pl\/de","og_site_name":"Entermatic","article_modified_time":"2025-05-09T06:10:41+00:00","twitter_card":"summary_large_image","schema":{"@context":"https:\/\/schema.org","@graph":[{"@type":"WebPage","@id":"https:\/\/entermatic.pl\/de","url":"https:\/\/entermatic.pl\/de","name":"Hersteller von Aluminiumtischlerei, Fenstern und Au\u00dfent\u00fcren - Entermatic Zielona G\u00f3ra","isPartOf":{"@id":"https:\/\/entermatic.pl\/de#website"},"datePublished":"2024-08-05T11:00:55+00:00","dateModified":"2025-05-09T06:10:41+00:00","description":"Entermatic Zielona G\u00f3ra \u27a4 Hersteller von Aluminium-Tischlerei Sehen Sie \u2714 sich das Angebot f\u00fcr Au\u00dfent\u00fcren und Aluminiumfenster sowie f\u00fcr Fassaden, Rolll\u00e4den und Pergolen \u2714 an","breadcrumb":{"@id":"https:\/\/entermatic.pl\/de#breadcrumb"},"inLanguage":"de","potentialAction":[{"@type":"ReadAction","target":["https:\/\/entermatic.pl\/de"]}]},{"@type":"BreadcrumbList","@id":"https:\/\/entermatic.pl\/de#breadcrumb","itemListElement":[{"@type":"ListItem","position":1,"name":"Strona g\u0142\u00f3wna","item":"https:\/\/entermatic.pl\/de"},{"@type":"ListItem","position":2,"name":"Heim"}]},{"@type":"WebSite","@id":"https:\/\/entermatic.pl\/de#website","url":"https:\/\/entermatic.pl\/de","name":"Entermatic","description":"","potentialAction":[{"@type":"SearchAction","target":{"@type":"EntryPoint","urlTemplate":"https:\/\/entermatic.pl\/de?s={search_term_string}"},"query-input":{"@type":"PropertyValueSpecification","valueRequired":true,"valueName":"search_term_string"}}],"inLanguage":"de"}]}},"_links":{"self":[{"href":"https:\/\/entermatic.pl\/de\/wp-json\/wp\/v2\/pages\/4292","targetHints":{"allow":["GET"]}}],"collection":[{"href":"https:\/\/entermatic.pl\/de\/wp-json\/wp\/v2\/pages"}],"about":[{"href":"https:\/\/entermatic.pl\/de\/wp-json\/wp\/v2\/types\/page"}],"author":[{"embeddable":true,"href":"https:\/\/entermatic.pl\/de\/wp-json\/wp\/v2\/users\/5"}],"replies":[{"embeddable":true,"href":"https:\/\/entermatic.pl\/de\/wp-json\/wp\/v2\/comments?post=4292"}],"version-history":[{"count":1,"href":"https:\/\/entermatic.pl\/de\/wp-json\/wp\/v2\/pages\/4292\/revisions"}],"predecessor-version":[{"id":4546,"href":"https:\/\/entermatic.pl\/de\/wp-json\/wp\/v2\/pages\/4292\/revisions\/4546"}],"wp:attachment":[{"href":"https:\/\/entermatic.pl\/de\/wp-json\/wp\/v2\/media?parent=4292"}],"curies":[{"name":"wp","href":"https:\/\/api.w.org\/{rel}","templated":true}]}}