{"id":4376,"date":"2024-08-17T11:38:34","date_gmt":"2024-08-17T09:38:34","guid":{"rendered":"https:\/\/entermatic.pl\/ultraglide-passive-terrassentueren"},"modified":"2024-08-17T11:38:34","modified_gmt":"2024-08-17T09:38:34","slug":"ultraglide-passive-terrassentueren","status":"publish","type":"page","link":"https:\/\/entermatic.pl\/de\/ultraglide-passive-terrassentueren","title":{"rendered":"ULTRAGLIDE passive Terrassent\u00fcren"},"content":{"rendered":"","protected":false},"excerpt":{"rendered":"","protected":false},"author":5,"featured_media":0,"parent":0,"menu_order":0,"comment_status":"closed","ping_status":"closed","template":"","meta":{"footnotes":""},"class_list":["post-4376","page","type-page","status-publish","hentry"],"yoast_head":"<!-- This site is optimized with the Yoast SEO plugin v27.4 - https:\/\/yoast.com\/product\/yoast-seo-wordpress\/ -->\n<title>ULTRAGLIDE passive Terrassent\u00fcren - Entermatic<\/title>\n<meta name=\"description\" content=\"Die passiven Terrassent\u00fcren ULTRAGLIDE sind eine moderne L\u00f6sung, die eine hervorragende W\u00e4rmed\u00e4mmung und Verbindung zwischen dem Innenraum und der Natur bietet.\" \/>\n<meta name=\"robots\" content=\"index, follow, max-snippet:-1, max-image-preview:large, max-video-preview:-1\" \/>\n<link rel=\"canonical\" href=\"https:\/\/entermatic.pl\/de\/ultraglide-passive-terrassentueren\" \/>\n<meta property=\"og:locale\" content=\"de_DE\" \/>\n<meta property=\"og:type\" content=\"article\" \/>\n<meta property=\"og:title\" content=\"ULTRAGLIDE passive Terrassent\u00fcren - Entermatic\" \/>\n<meta property=\"og:description\" content=\"Die passiven Terrassent\u00fcren ULTRAGLIDE sind eine moderne L\u00f6sung, die eine hervorragende W\u00e4rmed\u00e4mmung und Verbindung zwischen dem Innenraum und der Natur bietet.\" \/>\n<meta property=\"og:url\" content=\"https:\/\/entermatic.pl\/de\/ultraglide-passive-terrassentueren\" \/>\n<meta property=\"og:site_name\" content=\"Entermatic\" \/>\n<meta name=\"twitter:card\" content=\"summary_large_image\" \/>\n<script type=\"application\/ld+json\" class=\"yoast-schema-graph\">{\"@context\":\"https:\\\/\\\/schema.org\",\"@graph\":[{\"@type\":\"WebPage\",\"@id\":\"https:\\\/\\\/entermatic.pl\\\/de\\\/ultraglide-passive-terrassentueren\",\"url\":\"https:\\\/\\\/entermatic.pl\\\/de\\\/ultraglide-passive-terrassentueren\",\"name\":\"ULTRAGLIDE passive Terrassent\u00fcren - Entermatic\",\"isPartOf\":{\"@id\":\"https:\\\/\\\/entermatic.pl\\\/de#website\"},\"datePublished\":\"2024-08-17T09:38:34+00:00\",\"description\":\"Die passiven Terrassent\u00fcren ULTRAGLIDE sind eine moderne L\u00f6sung, die eine hervorragende W\u00e4rmed\u00e4mmung und Verbindung zwischen dem Innenraum und der Natur bietet.\",\"breadcrumb\":{\"@id\":\"https:\\\/\\\/entermatic.pl\\\/de\\\/ultraglide-passive-terrassentueren#breadcrumb\"},\"inLanguage\":\"de\",\"potentialAction\":[{\"@type\":\"ReadAction\",\"target\":[\"https:\\\/\\\/entermatic.pl\\\/de\\\/ultraglide-passive-terrassentueren\"]}]},{\"@type\":\"BreadcrumbList\",\"@id\":\"https:\\\/\\\/entermatic.pl\\\/de\\\/ultraglide-passive-terrassentueren#breadcrumb\",\"itemListElement\":[{\"@type\":\"ListItem\",\"position\":1,\"name\":\"Strona g\u0142\u00f3wna\",\"item\":\"https:\\\/\\\/entermatic.pl\\\/de\"},{\"@type\":\"ListItem\",\"position\":2,\"name\":\"ULTRAGLIDE passive Terrassent\u00fcren\"}]},{\"@type\":\"WebSite\",\"@id\":\"https:\\\/\\\/entermatic.pl\\\/de#website\",\"url\":\"https:\\\/\\\/entermatic.pl\\\/de\",\"name\":\"Entermatic\",\"description\":\"\",\"potentialAction\":[{\"@type\":\"SearchAction\",\"target\":{\"@type\":\"EntryPoint\",\"urlTemplate\":\"https:\\\/\\\/entermatic.pl\\\/de?s={search_term_string}\"},\"query-input\":{\"@type\":\"PropertyValueSpecification\",\"valueRequired\":true,\"valueName\":\"search_term_string\"}}],\"inLanguage\":\"de\"}]}<\/script>\n<!-- \/ Yoast SEO plugin. -->","yoast_head_json":{"title":"ULTRAGLIDE passive Terrassent\u00fcren - Entermatic","description":"Die passiven Terrassent\u00fcren ULTRAGLIDE sind eine moderne L\u00f6sung, die eine hervorragende W\u00e4rmed\u00e4mmung und Verbindung zwischen dem Innenraum und der Natur bietet.","robots":{"index":"index","follow":"follow","max-snippet":"max-snippet:-1","max-image-preview":"max-image-preview:large","max-video-preview":"max-video-preview:-1"},"canonical":"https:\/\/entermatic.pl\/de\/ultraglide-passive-terrassentueren","og_locale":"de_DE","og_type":"article","og_title":"ULTRAGLIDE passive Terrassent\u00fcren - Entermatic","og_description":"Die passiven Terrassent\u00fcren ULTRAGLIDE sind eine moderne L\u00f6sung, die eine hervorragende W\u00e4rmed\u00e4mmung und Verbindung zwischen dem Innenraum und der Natur bietet.","og_url":"https:\/\/entermatic.pl\/de\/ultraglide-passive-terrassentueren","og_site_name":"Entermatic","twitter_card":"summary_large_image","schema":{"@context":"https:\/\/schema.org","@graph":[{"@type":"WebPage","@id":"https:\/\/entermatic.pl\/de\/ultraglide-passive-terrassentueren","url":"https:\/\/entermatic.pl\/de\/ultraglide-passive-terrassentueren","name":"ULTRAGLIDE passive Terrassent\u00fcren - Entermatic","isPartOf":{"@id":"https:\/\/entermatic.pl\/de#website"},"datePublished":"2024-08-17T09:38:34+00:00","description":"Die passiven Terrassent\u00fcren ULTRAGLIDE sind eine moderne L\u00f6sung, die eine hervorragende W\u00e4rmed\u00e4mmung und Verbindung zwischen dem Innenraum und der Natur bietet.","breadcrumb":{"@id":"https:\/\/entermatic.pl\/de\/ultraglide-passive-terrassentueren#breadcrumb"},"inLanguage":"de","potentialAction":[{"@type":"ReadAction","target":["https:\/\/entermatic.pl\/de\/ultraglide-passive-terrassentueren"]}]},{"@type":"BreadcrumbList","@id":"https:\/\/entermatic.pl\/de\/ultraglide-passive-terrassentueren#breadcrumb","itemListElement":[{"@type":"ListItem","position":1,"name":"Strona g\u0142\u00f3wna","item":"https:\/\/entermatic.pl\/de"},{"@type":"ListItem","position":2,"name":"ULTRAGLIDE passive Terrassent\u00fcren"}]},{"@type":"WebSite","@id":"https:\/\/entermatic.pl\/de#website","url":"https:\/\/entermatic.pl\/de","name":"Entermatic","description":"","potentialAction":[{"@type":"SearchAction","target":{"@type":"EntryPoint","urlTemplate":"https:\/\/entermatic.pl\/de?s={search_term_string}"},"query-input":{"@type":"PropertyValueSpecification","valueRequired":true,"valueName":"search_term_string"}}],"inLanguage":"de"}]}},"_links":{"self":[{"href":"https:\/\/entermatic.pl\/de\/wp-json\/wp\/v2\/pages\/4376","targetHints":{"allow":["GET"]}}],"collection":[{"href":"https:\/\/entermatic.pl\/de\/wp-json\/wp\/v2\/pages"}],"about":[{"href":"https:\/\/entermatic.pl\/de\/wp-json\/wp\/v2\/types\/page"}],"author":[{"embeddable":true,"href":"https:\/\/entermatic.pl\/de\/wp-json\/wp\/v2\/users\/5"}],"replies":[{"embeddable":true,"href":"https:\/\/entermatic.pl\/de\/wp-json\/wp\/v2\/comments?post=4376"}],"version-history":[{"count":0,"href":"https:\/\/entermatic.pl\/de\/wp-json\/wp\/v2\/pages\/4376\/revisions"}],"wp:attachment":[{"href":"https:\/\/entermatic.pl\/de\/wp-json\/wp\/v2\/media?parent=4376"}],"curies":[{"name":"wp","href":"https:\/\/api.w.org\/{rel}","templated":true}]}}