{"id":4381,"date":"2024-08-17T13:05:19","date_gmt":"2024-08-17T11:05:19","guid":{"rendered":"https:\/\/entermatic.pl\/moderne-terrassentueren-monorail"},"modified":"2024-08-17T13:05:19","modified_gmt":"2024-08-17T11:05:19","slug":"moderne-terrassentueren-monorail","status":"publish","type":"page","link":"https:\/\/entermatic.pl\/de\/moderne-terrassentueren-monorail","title":{"rendered":"Moderne Terrassent\u00fcren MONORAIL"},"content":{"rendered":"","protected":false},"excerpt":{"rendered":"","protected":false},"author":5,"featured_media":0,"parent":0,"menu_order":0,"comment_status":"closed","ping_status":"closed","template":"","meta":{"footnotes":""},"class_list":["post-4381","page","type-page","status-publish","hentry"],"yoast_head":"<!-- This site is optimized with the Yoast SEO plugin v27.4 - https:\/\/yoast.com\/product\/yoast-seo-wordpress\/ -->\n<title>Moderne Terrassent\u00fcren MONORAIL - Entermatic<\/title>\n<meta name=\"description\" content=\"Moderne MONORAIL-Terrassent\u00fcren: gr\u00f6\u00dfere Verglasung, bessere Innenbeleuchtung und die M\u00f6glichkeit, gro\u00dfformatige F\u00fcllungen zu installieren!\" \/>\n<meta name=\"robots\" content=\"index, follow, max-snippet:-1, max-image-preview:large, max-video-preview:-1\" \/>\n<link rel=\"canonical\" href=\"https:\/\/entermatic.pl\/de\/moderne-terrassentueren-monorail\" \/>\n<meta property=\"og:locale\" content=\"de_DE\" \/>\n<meta property=\"og:type\" content=\"article\" \/>\n<meta property=\"og:title\" content=\"Moderne Terrassent\u00fcren MONORAIL - Entermatic\" \/>\n<meta property=\"og:description\" content=\"Moderne MONORAIL-Terrassent\u00fcren: gr\u00f6\u00dfere Verglasung, bessere Innenbeleuchtung und die M\u00f6glichkeit, gro\u00dfformatige F\u00fcllungen zu installieren!\" \/>\n<meta property=\"og:url\" content=\"https:\/\/entermatic.pl\/de\/moderne-terrassentueren-monorail\" \/>\n<meta property=\"og:site_name\" content=\"Entermatic\" \/>\n<meta name=\"twitter:card\" content=\"summary_large_image\" \/>\n<script type=\"application\/ld+json\" class=\"yoast-schema-graph\">{\"@context\":\"https:\\\/\\\/schema.org\",\"@graph\":[{\"@type\":\"WebPage\",\"@id\":\"https:\\\/\\\/entermatic.pl\\\/de\\\/moderne-terrassentueren-monorail\",\"url\":\"https:\\\/\\\/entermatic.pl\\\/de\\\/moderne-terrassentueren-monorail\",\"name\":\"Moderne Terrassent\u00fcren MONORAIL - Entermatic\",\"isPartOf\":{\"@id\":\"https:\\\/\\\/entermatic.pl\\\/de#website\"},\"datePublished\":\"2024-08-17T11:05:19+00:00\",\"description\":\"Moderne MONORAIL-Terrassent\u00fcren: gr\u00f6\u00dfere Verglasung, bessere Innenbeleuchtung und die M\u00f6glichkeit, gro\u00dfformatige F\u00fcllungen zu installieren!\",\"breadcrumb\":{\"@id\":\"https:\\\/\\\/entermatic.pl\\\/de\\\/moderne-terrassentueren-monorail#breadcrumb\"},\"inLanguage\":\"de\",\"potentialAction\":[{\"@type\":\"ReadAction\",\"target\":[\"https:\\\/\\\/entermatic.pl\\\/de\\\/moderne-terrassentueren-monorail\"]}]},{\"@type\":\"BreadcrumbList\",\"@id\":\"https:\\\/\\\/entermatic.pl\\\/de\\\/moderne-terrassentueren-monorail#breadcrumb\",\"itemListElement\":[{\"@type\":\"ListItem\",\"position\":1,\"name\":\"Strona g\u0142\u00f3wna\",\"item\":\"https:\\\/\\\/entermatic.pl\\\/de\"},{\"@type\":\"ListItem\",\"position\":2,\"name\":\"Moderne Terrassent\u00fcren MONORAIL\"}]},{\"@type\":\"WebSite\",\"@id\":\"https:\\\/\\\/entermatic.pl\\\/de#website\",\"url\":\"https:\\\/\\\/entermatic.pl\\\/de\",\"name\":\"Entermatic\",\"description\":\"\",\"potentialAction\":[{\"@type\":\"SearchAction\",\"target\":{\"@type\":\"EntryPoint\",\"urlTemplate\":\"https:\\\/\\\/entermatic.pl\\\/de?s={search_term_string}\"},\"query-input\":{\"@type\":\"PropertyValueSpecification\",\"valueRequired\":true,\"valueName\":\"search_term_string\"}}],\"inLanguage\":\"de\"}]}<\/script>\n<!-- \/ Yoast SEO plugin. -->","yoast_head_json":{"title":"Moderne Terrassent\u00fcren MONORAIL - Entermatic","description":"Moderne MONORAIL-Terrassent\u00fcren: gr\u00f6\u00dfere Verglasung, bessere Innenbeleuchtung und die M\u00f6glichkeit, gro\u00dfformatige F\u00fcllungen zu installieren!","robots":{"index":"index","follow":"follow","max-snippet":"max-snippet:-1","max-image-preview":"max-image-preview:large","max-video-preview":"max-video-preview:-1"},"canonical":"https:\/\/entermatic.pl\/de\/moderne-terrassentueren-monorail","og_locale":"de_DE","og_type":"article","og_title":"Moderne Terrassent\u00fcren MONORAIL - Entermatic","og_description":"Moderne MONORAIL-Terrassent\u00fcren: gr\u00f6\u00dfere Verglasung, bessere Innenbeleuchtung und die M\u00f6glichkeit, gro\u00dfformatige F\u00fcllungen zu installieren!","og_url":"https:\/\/entermatic.pl\/de\/moderne-terrassentueren-monorail","og_site_name":"Entermatic","twitter_card":"summary_large_image","schema":{"@context":"https:\/\/schema.org","@graph":[{"@type":"WebPage","@id":"https:\/\/entermatic.pl\/de\/moderne-terrassentueren-monorail","url":"https:\/\/entermatic.pl\/de\/moderne-terrassentueren-monorail","name":"Moderne Terrassent\u00fcren MONORAIL - Entermatic","isPartOf":{"@id":"https:\/\/entermatic.pl\/de#website"},"datePublished":"2024-08-17T11:05:19+00:00","description":"Moderne MONORAIL-Terrassent\u00fcren: gr\u00f6\u00dfere Verglasung, bessere Innenbeleuchtung und die M\u00f6glichkeit, gro\u00dfformatige F\u00fcllungen zu installieren!","breadcrumb":{"@id":"https:\/\/entermatic.pl\/de\/moderne-terrassentueren-monorail#breadcrumb"},"inLanguage":"de","potentialAction":[{"@type":"ReadAction","target":["https:\/\/entermatic.pl\/de\/moderne-terrassentueren-monorail"]}]},{"@type":"BreadcrumbList","@id":"https:\/\/entermatic.pl\/de\/moderne-terrassentueren-monorail#breadcrumb","itemListElement":[{"@type":"ListItem","position":1,"name":"Strona g\u0142\u00f3wna","item":"https:\/\/entermatic.pl\/de"},{"@type":"ListItem","position":2,"name":"Moderne Terrassent\u00fcren MONORAIL"}]},{"@type":"WebSite","@id":"https:\/\/entermatic.pl\/de#website","url":"https:\/\/entermatic.pl\/de","name":"Entermatic","description":"","potentialAction":[{"@type":"SearchAction","target":{"@type":"EntryPoint","urlTemplate":"https:\/\/entermatic.pl\/de?s={search_term_string}"},"query-input":{"@type":"PropertyValueSpecification","valueRequired":true,"valueName":"search_term_string"}}],"inLanguage":"de"}]}},"_links":{"self":[{"href":"https:\/\/entermatic.pl\/de\/wp-json\/wp\/v2\/pages\/4381","targetHints":{"allow":["GET"]}}],"collection":[{"href":"https:\/\/entermatic.pl\/de\/wp-json\/wp\/v2\/pages"}],"about":[{"href":"https:\/\/entermatic.pl\/de\/wp-json\/wp\/v2\/types\/page"}],"author":[{"embeddable":true,"href":"https:\/\/entermatic.pl\/de\/wp-json\/wp\/v2\/users\/5"}],"replies":[{"embeddable":true,"href":"https:\/\/entermatic.pl\/de\/wp-json\/wp\/v2\/comments?post=4381"}],"version-history":[{"count":0,"href":"https:\/\/entermatic.pl\/de\/wp-json\/wp\/v2\/pages\/4381\/revisions"}],"wp:attachment":[{"href":"https:\/\/entermatic.pl\/de\/wp-json\/wp\/v2\/media?parent=4381"}],"curies":[{"name":"wp","href":"https:\/\/api.w.org\/{rel}","templated":true}]}}