{"id":4450,"date":"2023-12-22T22:25:56","date_gmt":"2023-12-22T21:25:56","guid":{"rendered":"https:\/\/entermatic.pl\/inspirationen-fuer-fassaden"},"modified":"2023-12-22T22:25:56","modified_gmt":"2023-12-22T21:25:56","slug":"inspirationen-fuer-fassaden","status":"publish","type":"page","link":"https:\/\/entermatic.pl\/de\/inspirationen-fuer-fassaden","title":{"rendered":"Inspirationen f\u00fcr Fassaden"},"content":{"rendered":"","protected":false},"excerpt":{"rendered":"","protected":false},"author":5,"featured_media":0,"parent":0,"menu_order":0,"comment_status":"closed","ping_status":"closed","template":"","meta":{"footnotes":""},"class_list":["post-4450","page","type-page","status-publish","hentry"],"yoast_head":"<!-- This site is optimized with the Yoast SEO plugin v27.6 - https:\/\/yoast.com\/product\/yoast-seo-wordpress\/ -->\n<title>Inspirationen f\u00fcr Glasfassaden - Entermatic<\/title>\n<meta name=\"description\" content=\"Schauen Sie sich die Inspiration f\u00fcr Glasfassaden in unserer Fotogalerie an \u27a4 W\u00e4hlen Sie hochwertige Aluminiumt\u00fcren, Terrassent\u00fcren, Fenster, Winterg\u00e4rten, Fassaden, Rolll\u00e4den \u2714\" \/>\n<meta name=\"robots\" content=\"index, follow, max-snippet:-1, max-image-preview:large, max-video-preview:-1\" \/>\n<link rel=\"canonical\" href=\"https:\/\/entermatic.pl\/de\/inspirationen-fuer-fassaden\" \/>\n<meta property=\"og:locale\" content=\"de_DE\" \/>\n<meta property=\"og:type\" content=\"article\" \/>\n<meta property=\"og:title\" content=\"Inspirationen f\u00fcr Glasfassaden - Entermatic\" \/>\n<meta property=\"og:description\" content=\"Schauen Sie sich die Inspiration f\u00fcr Glasfassaden in unserer Fotogalerie an \u27a4 W\u00e4hlen Sie hochwertige Aluminiumt\u00fcren, Terrassent\u00fcren, Fenster, Winterg\u00e4rten, Fassaden, Rolll\u00e4den \u2714\" \/>\n<meta property=\"og:url\" content=\"https:\/\/entermatic.pl\/de\/inspirationen-fuer-fassaden\" \/>\n<meta property=\"og:site_name\" content=\"Entermatic\" \/>\n<meta name=\"twitter:card\" content=\"summary_large_image\" \/>\n<script type=\"application\/ld+json\" class=\"yoast-schema-graph\">{\"@context\":\"https:\\\/\\\/schema.org\",\"@graph\":[{\"@type\":\"WebPage\",\"@id\":\"https:\\\/\\\/entermatic.pl\\\/de\\\/inspirationen-fuer-fassaden\",\"url\":\"https:\\\/\\\/entermatic.pl\\\/de\\\/inspirationen-fuer-fassaden\",\"name\":\"Inspirationen f\u00fcr Glasfassaden - Entermatic\",\"isPartOf\":{\"@id\":\"https:\\\/\\\/entermatic.pl\\\/de#website\"},\"datePublished\":\"2023-12-22T21:25:56+00:00\",\"description\":\"Schauen Sie sich die Inspiration f\u00fcr Glasfassaden in unserer Fotogalerie an \u27a4 W\u00e4hlen Sie hochwertige Aluminiumt\u00fcren, Terrassent\u00fcren, Fenster, Winterg\u00e4rten, Fassaden, Rolll\u00e4den \u2714\",\"breadcrumb\":{\"@id\":\"https:\\\/\\\/entermatic.pl\\\/de\\\/inspirationen-fuer-fassaden#breadcrumb\"},\"inLanguage\":\"de\",\"potentialAction\":[{\"@type\":\"ReadAction\",\"target\":[\"https:\\\/\\\/entermatic.pl\\\/de\\\/inspirationen-fuer-fassaden\"]}]},{\"@type\":\"BreadcrumbList\",\"@id\":\"https:\\\/\\\/entermatic.pl\\\/de\\\/inspirationen-fuer-fassaden#breadcrumb\",\"itemListElement\":[{\"@type\":\"ListItem\",\"position\":1,\"name\":\"Strona g\u0142\u00f3wna\",\"item\":\"https:\\\/\\\/entermatic.pl\\\/de\"},{\"@type\":\"ListItem\",\"position\":2,\"name\":\"Inspirationen f\u00fcr Fassaden\"}]},{\"@type\":\"WebSite\",\"@id\":\"https:\\\/\\\/entermatic.pl\\\/de#website\",\"url\":\"https:\\\/\\\/entermatic.pl\\\/de\",\"name\":\"Entermatic\",\"description\":\"\",\"potentialAction\":[{\"@type\":\"SearchAction\",\"target\":{\"@type\":\"EntryPoint\",\"urlTemplate\":\"https:\\\/\\\/entermatic.pl\\\/de?s={search_term_string}\"},\"query-input\":{\"@type\":\"PropertyValueSpecification\",\"valueRequired\":true,\"valueName\":\"search_term_string\"}}],\"inLanguage\":\"de\"}]}<\/script>\n<!-- \/ Yoast SEO plugin. -->","yoast_head_json":{"title":"Inspirationen f\u00fcr Glasfassaden - Entermatic","description":"Schauen Sie sich die Inspiration f\u00fcr Glasfassaden in unserer Fotogalerie an \u27a4 W\u00e4hlen Sie hochwertige Aluminiumt\u00fcren, Terrassent\u00fcren, Fenster, Winterg\u00e4rten, Fassaden, Rolll\u00e4den \u2714","robots":{"index":"index","follow":"follow","max-snippet":"max-snippet:-1","max-image-preview":"max-image-preview:large","max-video-preview":"max-video-preview:-1"},"canonical":"https:\/\/entermatic.pl\/de\/inspirationen-fuer-fassaden","og_locale":"de_DE","og_type":"article","og_title":"Inspirationen f\u00fcr Glasfassaden - Entermatic","og_description":"Schauen Sie sich die Inspiration f\u00fcr Glasfassaden in unserer Fotogalerie an \u27a4 W\u00e4hlen Sie hochwertige Aluminiumt\u00fcren, Terrassent\u00fcren, Fenster, Winterg\u00e4rten, Fassaden, Rolll\u00e4den \u2714","og_url":"https:\/\/entermatic.pl\/de\/inspirationen-fuer-fassaden","og_site_name":"Entermatic","twitter_card":"summary_large_image","schema":{"@context":"https:\/\/schema.org","@graph":[{"@type":"WebPage","@id":"https:\/\/entermatic.pl\/de\/inspirationen-fuer-fassaden","url":"https:\/\/entermatic.pl\/de\/inspirationen-fuer-fassaden","name":"Inspirationen f\u00fcr Glasfassaden - Entermatic","isPartOf":{"@id":"https:\/\/entermatic.pl\/de#website"},"datePublished":"2023-12-22T21:25:56+00:00","description":"Schauen Sie sich die Inspiration f\u00fcr Glasfassaden in unserer Fotogalerie an \u27a4 W\u00e4hlen Sie hochwertige Aluminiumt\u00fcren, Terrassent\u00fcren, Fenster, Winterg\u00e4rten, Fassaden, Rolll\u00e4den \u2714","breadcrumb":{"@id":"https:\/\/entermatic.pl\/de\/inspirationen-fuer-fassaden#breadcrumb"},"inLanguage":"de","potentialAction":[{"@type":"ReadAction","target":["https:\/\/entermatic.pl\/de\/inspirationen-fuer-fassaden"]}]},{"@type":"BreadcrumbList","@id":"https:\/\/entermatic.pl\/de\/inspirationen-fuer-fassaden#breadcrumb","itemListElement":[{"@type":"ListItem","position":1,"name":"Strona g\u0142\u00f3wna","item":"https:\/\/entermatic.pl\/de"},{"@type":"ListItem","position":2,"name":"Inspirationen f\u00fcr Fassaden"}]},{"@type":"WebSite","@id":"https:\/\/entermatic.pl\/de#website","url":"https:\/\/entermatic.pl\/de","name":"Entermatic","description":"","potentialAction":[{"@type":"SearchAction","target":{"@type":"EntryPoint","urlTemplate":"https:\/\/entermatic.pl\/de?s={search_term_string}"},"query-input":{"@type":"PropertyValueSpecification","valueRequired":true,"valueName":"search_term_string"}}],"inLanguage":"de"}]}},"_links":{"self":[{"href":"https:\/\/entermatic.pl\/de\/wp-json\/wp\/v2\/pages\/4450","targetHints":{"allow":["GET"]}}],"collection":[{"href":"https:\/\/entermatic.pl\/de\/wp-json\/wp\/v2\/pages"}],"about":[{"href":"https:\/\/entermatic.pl\/de\/wp-json\/wp\/v2\/types\/page"}],"author":[{"embeddable":true,"href":"https:\/\/entermatic.pl\/de\/wp-json\/wp\/v2\/users\/5"}],"replies":[{"embeddable":true,"href":"https:\/\/entermatic.pl\/de\/wp-json\/wp\/v2\/comments?post=4450"}],"version-history":[{"count":0,"href":"https:\/\/entermatic.pl\/de\/wp-json\/wp\/v2\/pages\/4450\/revisions"}],"wp:attachment":[{"href":"https:\/\/entermatic.pl\/de\/wp-json\/wp\/v2\/media?parent=4450"}],"curies":[{"name":"wp","href":"https:\/\/api.w.org\/{rel}","templated":true}]}}