{"id":4453,"date":"2023-12-22T22:25:41","date_gmt":"2023-12-22T21:25:41","guid":{"rendered":"https:\/\/entermatic.pl\/inspirationen-fuer-terrassentueren"},"modified":"2023-12-22T22:25:41","modified_gmt":"2023-12-22T21:25:41","slug":"inspirationen-fuer-terrassentueren","status":"publish","type":"page","link":"https:\/\/entermatic.pl\/de\/inspirationen-fuer-terrassentueren","title":{"rendered":"Inspirationen f\u00fcr Terrassent\u00fcren"},"content":{"rendered":"","protected":false},"excerpt":{"rendered":"","protected":false},"author":5,"featured_media":0,"parent":0,"menu_order":0,"comment_status":"closed","ping_status":"closed","template":"","meta":{"footnotes":""},"class_list":["post-4453","page","type-page","status-publish","hentry"],"yoast_head":"<!-- This site is optimized with the Yoast SEO plugin v27.6 - https:\/\/yoast.com\/product\/yoast-seo-wordpress\/ -->\n<title>Terrassent\u00fcr - Entermatic<\/title>\n<meta name=\"description\" content=\"Schauen Sie sich die Inspiration f\u00fcr Terrassent\u00fcren in unserer Fotogalerie an \u27a4 W\u00e4hlen Sie hochwertige Aluminiumt\u00fcren, Terrassent\u00fcren, Fenster, Winterg\u00e4rten, Fassaden, Rolll\u00e4den \u2714\" \/>\n<meta name=\"robots\" content=\"index, follow, max-snippet:-1, max-image-preview:large, max-video-preview:-1\" \/>\n<link rel=\"canonical\" href=\"https:\/\/entermatic.pl\/de\/inspirationen-fuer-terrassentueren\" \/>\n<meta property=\"og:locale\" content=\"de_DE\" \/>\n<meta property=\"og:type\" content=\"article\" \/>\n<meta property=\"og:title\" content=\"Terrassent\u00fcr - Entermatic\" \/>\n<meta property=\"og:description\" content=\"Schauen Sie sich die Inspiration f\u00fcr Terrassent\u00fcren in unserer Fotogalerie an \u27a4 W\u00e4hlen Sie hochwertige Aluminiumt\u00fcren, Terrassent\u00fcren, Fenster, Winterg\u00e4rten, Fassaden, Rolll\u00e4den \u2714\" \/>\n<meta property=\"og:url\" content=\"https:\/\/entermatic.pl\/de\/inspirationen-fuer-terrassentueren\" \/>\n<meta property=\"og:site_name\" content=\"Entermatic\" \/>\n<meta name=\"twitter:card\" content=\"summary_large_image\" \/>\n<script type=\"application\/ld+json\" class=\"yoast-schema-graph\">{\"@context\":\"https:\\\/\\\/schema.org\",\"@graph\":[{\"@type\":\"WebPage\",\"@id\":\"https:\\\/\\\/entermatic.pl\\\/de\\\/inspirationen-fuer-terrassentueren\",\"url\":\"https:\\\/\\\/entermatic.pl\\\/de\\\/inspirationen-fuer-terrassentueren\",\"name\":\"Terrassent\u00fcr - Entermatic\",\"isPartOf\":{\"@id\":\"https:\\\/\\\/entermatic.pl\\\/de#website\"},\"datePublished\":\"2023-12-22T21:25:41+00:00\",\"description\":\"Schauen Sie sich die Inspiration f\u00fcr Terrassent\u00fcren in unserer Fotogalerie an \u27a4 W\u00e4hlen Sie hochwertige Aluminiumt\u00fcren, Terrassent\u00fcren, Fenster, Winterg\u00e4rten, Fassaden, Rolll\u00e4den \u2714\",\"breadcrumb\":{\"@id\":\"https:\\\/\\\/entermatic.pl\\\/de\\\/inspirationen-fuer-terrassentueren#breadcrumb\"},\"inLanguage\":\"de\",\"potentialAction\":[{\"@type\":\"ReadAction\",\"target\":[\"https:\\\/\\\/entermatic.pl\\\/de\\\/inspirationen-fuer-terrassentueren\"]}]},{\"@type\":\"BreadcrumbList\",\"@id\":\"https:\\\/\\\/entermatic.pl\\\/de\\\/inspirationen-fuer-terrassentueren#breadcrumb\",\"itemListElement\":[{\"@type\":\"ListItem\",\"position\":1,\"name\":\"Strona g\u0142\u00f3wna\",\"item\":\"https:\\\/\\\/entermatic.pl\\\/de\"},{\"@type\":\"ListItem\",\"position\":2,\"name\":\"Inspirationen f\u00fcr Terrassent\u00fcren\"}]},{\"@type\":\"WebSite\",\"@id\":\"https:\\\/\\\/entermatic.pl\\\/de#website\",\"url\":\"https:\\\/\\\/entermatic.pl\\\/de\",\"name\":\"Entermatic\",\"description\":\"\",\"potentialAction\":[{\"@type\":\"SearchAction\",\"target\":{\"@type\":\"EntryPoint\",\"urlTemplate\":\"https:\\\/\\\/entermatic.pl\\\/de?s={search_term_string}\"},\"query-input\":{\"@type\":\"PropertyValueSpecification\",\"valueRequired\":true,\"valueName\":\"search_term_string\"}}],\"inLanguage\":\"de\"}]}<\/script>\n<!-- \/ Yoast SEO plugin. -->","yoast_head_json":{"title":"Terrassent\u00fcr - Entermatic","description":"Schauen Sie sich die Inspiration f\u00fcr Terrassent\u00fcren in unserer Fotogalerie an \u27a4 W\u00e4hlen Sie hochwertige Aluminiumt\u00fcren, Terrassent\u00fcren, Fenster, Winterg\u00e4rten, Fassaden, Rolll\u00e4den \u2714","robots":{"index":"index","follow":"follow","max-snippet":"max-snippet:-1","max-image-preview":"max-image-preview:large","max-video-preview":"max-video-preview:-1"},"canonical":"https:\/\/entermatic.pl\/de\/inspirationen-fuer-terrassentueren","og_locale":"de_DE","og_type":"article","og_title":"Terrassent\u00fcr - Entermatic","og_description":"Schauen Sie sich die Inspiration f\u00fcr Terrassent\u00fcren in unserer Fotogalerie an \u27a4 W\u00e4hlen Sie hochwertige Aluminiumt\u00fcren, Terrassent\u00fcren, Fenster, Winterg\u00e4rten, Fassaden, Rolll\u00e4den \u2714","og_url":"https:\/\/entermatic.pl\/de\/inspirationen-fuer-terrassentueren","og_site_name":"Entermatic","twitter_card":"summary_large_image","schema":{"@context":"https:\/\/schema.org","@graph":[{"@type":"WebPage","@id":"https:\/\/entermatic.pl\/de\/inspirationen-fuer-terrassentueren","url":"https:\/\/entermatic.pl\/de\/inspirationen-fuer-terrassentueren","name":"Terrassent\u00fcr - Entermatic","isPartOf":{"@id":"https:\/\/entermatic.pl\/de#website"},"datePublished":"2023-12-22T21:25:41+00:00","description":"Schauen Sie sich die Inspiration f\u00fcr Terrassent\u00fcren in unserer Fotogalerie an \u27a4 W\u00e4hlen Sie hochwertige Aluminiumt\u00fcren, Terrassent\u00fcren, Fenster, Winterg\u00e4rten, Fassaden, Rolll\u00e4den \u2714","breadcrumb":{"@id":"https:\/\/entermatic.pl\/de\/inspirationen-fuer-terrassentueren#breadcrumb"},"inLanguage":"de","potentialAction":[{"@type":"ReadAction","target":["https:\/\/entermatic.pl\/de\/inspirationen-fuer-terrassentueren"]}]},{"@type":"BreadcrumbList","@id":"https:\/\/entermatic.pl\/de\/inspirationen-fuer-terrassentueren#breadcrumb","itemListElement":[{"@type":"ListItem","position":1,"name":"Strona g\u0142\u00f3wna","item":"https:\/\/entermatic.pl\/de"},{"@type":"ListItem","position":2,"name":"Inspirationen f\u00fcr Terrassent\u00fcren"}]},{"@type":"WebSite","@id":"https:\/\/entermatic.pl\/de#website","url":"https:\/\/entermatic.pl\/de","name":"Entermatic","description":"","potentialAction":[{"@type":"SearchAction","target":{"@type":"EntryPoint","urlTemplate":"https:\/\/entermatic.pl\/de?s={search_term_string}"},"query-input":{"@type":"PropertyValueSpecification","valueRequired":true,"valueName":"search_term_string"}}],"inLanguage":"de"}]}},"_links":{"self":[{"href":"https:\/\/entermatic.pl\/de\/wp-json\/wp\/v2\/pages\/4453","targetHints":{"allow":["GET"]}}],"collection":[{"href":"https:\/\/entermatic.pl\/de\/wp-json\/wp\/v2\/pages"}],"about":[{"href":"https:\/\/entermatic.pl\/de\/wp-json\/wp\/v2\/types\/page"}],"author":[{"embeddable":true,"href":"https:\/\/entermatic.pl\/de\/wp-json\/wp\/v2\/users\/5"}],"replies":[{"embeddable":true,"href":"https:\/\/entermatic.pl\/de\/wp-json\/wp\/v2\/comments?post=4453"}],"version-history":[{"count":0,"href":"https:\/\/entermatic.pl\/de\/wp-json\/wp\/v2\/pages\/4453\/revisions"}],"wp:attachment":[{"href":"https:\/\/entermatic.pl\/de\/wp-json\/wp\/v2\/media?parent=4453"}],"curies":[{"name":"wp","href":"https:\/\/api.w.org\/{rel}","templated":true}]}}