{"id":4464,"date":"2023-12-19T11:41:49","date_gmt":"2023-12-19T10:41:49","guid":{"rendered":"https:\/\/entermatic.pl\/sensoren-und-mikroschalter"},"modified":"2025-05-19T14:37:03","modified_gmt":"2025-05-19T12:37:03","slug":"sensoren-und-mikroschalter","status":"publish","type":"page","link":"https:\/\/entermatic.pl\/de\/sensoren-und-mikroschalter","title":{"rendered":"Sensoren und Mikroschalter"},"content":{"rendered":"","protected":false},"excerpt":{"rendered":"","protected":false},"author":5,"featured_media":0,"parent":0,"menu_order":0,"comment_status":"closed","ping_status":"closed","template":"","meta":{"footnotes":""},"class_list":["post-4464","page","type-page","status-publish","hentry"],"yoast_head":"<!-- This site is optimized with the Yoast SEO plugin v27.6 - https:\/\/yoast.com\/product\/yoast-seo-wordpress\/ -->\n<title>Sensoren und Mikroschalter - Entermatic<\/title>\n<meta name=\"description\" content=\"Informieren Sie sich \u00fcber die verf\u00fcgbaren Sensoren und Mikroschalter als zus\u00e4tzliche, moderne T\u00fcrausstattungen \u2714 Details im Herstellerangebot Entermatic \u27a4\" \/>\n<meta name=\"robots\" content=\"index, follow, max-snippet:-1, max-image-preview:large, max-video-preview:-1\" \/>\n<link rel=\"canonical\" href=\"https:\/\/entermatic.pl\/de\/sensoren-und-mikroschalter\" \/>\n<meta property=\"og:locale\" content=\"de_DE\" \/>\n<meta property=\"og:type\" content=\"article\" \/>\n<meta property=\"og:title\" content=\"Sensoren und Mikroschalter - Entermatic\" \/>\n<meta property=\"og:description\" content=\"Informieren Sie sich \u00fcber die verf\u00fcgbaren Sensoren und Mikroschalter als zus\u00e4tzliche, moderne T\u00fcrausstattungen \u2714 Details im Herstellerangebot Entermatic \u27a4\" \/>\n<meta property=\"og:url\" content=\"https:\/\/entermatic.pl\/de\/sensoren-und-mikroschalter\" \/>\n<meta property=\"og:site_name\" content=\"Entermatic\" \/>\n<meta property=\"article:modified_time\" content=\"2025-05-19T12:37:03+00:00\" \/>\n<meta name=\"twitter:card\" content=\"summary_large_image\" \/>\n<script type=\"application\/ld+json\" class=\"yoast-schema-graph\">{\"@context\":\"https:\\\/\\\/schema.org\",\"@graph\":[{\"@type\":\"WebPage\",\"@id\":\"https:\\\/\\\/entermatic.pl\\\/de\\\/sensoren-und-mikroschalter\",\"url\":\"https:\\\/\\\/entermatic.pl\\\/de\\\/sensoren-und-mikroschalter\",\"name\":\"Sensoren und Mikroschalter - Entermatic\",\"isPartOf\":{\"@id\":\"https:\\\/\\\/entermatic.pl\\\/de#website\"},\"datePublished\":\"2023-12-19T10:41:49+00:00\",\"dateModified\":\"2025-05-19T12:37:03+00:00\",\"description\":\"Informieren Sie sich \u00fcber die verf\u00fcgbaren Sensoren und Mikroschalter als zus\u00e4tzliche, moderne T\u00fcrausstattungen \u2714 Details im Herstellerangebot Entermatic \u27a4\",\"breadcrumb\":{\"@id\":\"https:\\\/\\\/entermatic.pl\\\/de\\\/sensoren-und-mikroschalter#breadcrumb\"},\"inLanguage\":\"de\",\"potentialAction\":[{\"@type\":\"ReadAction\",\"target\":[\"https:\\\/\\\/entermatic.pl\\\/de\\\/sensoren-und-mikroschalter\"]}]},{\"@type\":\"BreadcrumbList\",\"@id\":\"https:\\\/\\\/entermatic.pl\\\/de\\\/sensoren-und-mikroschalter#breadcrumb\",\"itemListElement\":[{\"@type\":\"ListItem\",\"position\":1,\"name\":\"Strona g\u0142\u00f3wna\",\"item\":\"https:\\\/\\\/entermatic.pl\\\/de\"},{\"@type\":\"ListItem\",\"position\":2,\"name\":\"Sensoren und Mikroschalter\"}]},{\"@type\":\"WebSite\",\"@id\":\"https:\\\/\\\/entermatic.pl\\\/de#website\",\"url\":\"https:\\\/\\\/entermatic.pl\\\/de\",\"name\":\"Entermatic\",\"description\":\"\",\"potentialAction\":[{\"@type\":\"SearchAction\",\"target\":{\"@type\":\"EntryPoint\",\"urlTemplate\":\"https:\\\/\\\/entermatic.pl\\\/de?s={search_term_string}\"},\"query-input\":{\"@type\":\"PropertyValueSpecification\",\"valueRequired\":true,\"valueName\":\"search_term_string\"}}],\"inLanguage\":\"de\"}]}<\/script>\n<!-- \/ Yoast SEO plugin. -->","yoast_head_json":{"title":"Sensoren und Mikroschalter - Entermatic","description":"Informieren Sie sich \u00fcber die verf\u00fcgbaren Sensoren und Mikroschalter als zus\u00e4tzliche, moderne T\u00fcrausstattungen \u2714 Details im Herstellerangebot Entermatic \u27a4","robots":{"index":"index","follow":"follow","max-snippet":"max-snippet:-1","max-image-preview":"max-image-preview:large","max-video-preview":"max-video-preview:-1"},"canonical":"https:\/\/entermatic.pl\/de\/sensoren-und-mikroschalter","og_locale":"de_DE","og_type":"article","og_title":"Sensoren und Mikroschalter - Entermatic","og_description":"Informieren Sie sich \u00fcber die verf\u00fcgbaren Sensoren und Mikroschalter als zus\u00e4tzliche, moderne T\u00fcrausstattungen \u2714 Details im Herstellerangebot Entermatic \u27a4","og_url":"https:\/\/entermatic.pl\/de\/sensoren-und-mikroschalter","og_site_name":"Entermatic","article_modified_time":"2025-05-19T12:37:03+00:00","twitter_card":"summary_large_image","schema":{"@context":"https:\/\/schema.org","@graph":[{"@type":"WebPage","@id":"https:\/\/entermatic.pl\/de\/sensoren-und-mikroschalter","url":"https:\/\/entermatic.pl\/de\/sensoren-und-mikroschalter","name":"Sensoren und Mikroschalter - Entermatic","isPartOf":{"@id":"https:\/\/entermatic.pl\/de#website"},"datePublished":"2023-12-19T10:41:49+00:00","dateModified":"2025-05-19T12:37:03+00:00","description":"Informieren Sie sich \u00fcber die verf\u00fcgbaren Sensoren und Mikroschalter als zus\u00e4tzliche, moderne T\u00fcrausstattungen \u2714 Details im Herstellerangebot Entermatic \u27a4","breadcrumb":{"@id":"https:\/\/entermatic.pl\/de\/sensoren-und-mikroschalter#breadcrumb"},"inLanguage":"de","potentialAction":[{"@type":"ReadAction","target":["https:\/\/entermatic.pl\/de\/sensoren-und-mikroschalter"]}]},{"@type":"BreadcrumbList","@id":"https:\/\/entermatic.pl\/de\/sensoren-und-mikroschalter#breadcrumb","itemListElement":[{"@type":"ListItem","position":1,"name":"Strona g\u0142\u00f3wna","item":"https:\/\/entermatic.pl\/de"},{"@type":"ListItem","position":2,"name":"Sensoren und Mikroschalter"}]},{"@type":"WebSite","@id":"https:\/\/entermatic.pl\/de#website","url":"https:\/\/entermatic.pl\/de","name":"Entermatic","description":"","potentialAction":[{"@type":"SearchAction","target":{"@type":"EntryPoint","urlTemplate":"https:\/\/entermatic.pl\/de?s={search_term_string}"},"query-input":{"@type":"PropertyValueSpecification","valueRequired":true,"valueName":"search_term_string"}}],"inLanguage":"de"}]}},"_links":{"self":[{"href":"https:\/\/entermatic.pl\/de\/wp-json\/wp\/v2\/pages\/4464","targetHints":{"allow":["GET"]}}],"collection":[{"href":"https:\/\/entermatic.pl\/de\/wp-json\/wp\/v2\/pages"}],"about":[{"href":"https:\/\/entermatic.pl\/de\/wp-json\/wp\/v2\/types\/page"}],"author":[{"embeddable":true,"href":"https:\/\/entermatic.pl\/de\/wp-json\/wp\/v2\/users\/5"}],"replies":[{"embeddable":true,"href":"https:\/\/entermatic.pl\/de\/wp-json\/wp\/v2\/comments?post=4464"}],"version-history":[{"count":1,"href":"https:\/\/entermatic.pl\/de\/wp-json\/wp\/v2\/pages\/4464\/revisions"}],"predecessor-version":[{"id":4609,"href":"https:\/\/entermatic.pl\/de\/wp-json\/wp\/v2\/pages\/4464\/revisions\/4609"}],"wp:attachment":[{"href":"https:\/\/entermatic.pl\/de\/wp-json\/wp\/v2\/media?parent=4464"}],"curies":[{"name":"wp","href":"https:\/\/api.w.org\/{rel}","templated":true}]}}