{"id":4475,"date":"2023-12-19T11:40:15","date_gmt":"2023-12-19T10:40:15","guid":{"rendered":"https:\/\/entermatic.pl\/griffe-und-rosetten"},"modified":"2025-05-19T14:33:55","modified_gmt":"2025-05-19T12:33:55","slug":"griffe-und-rosetten","status":"publish","type":"page","link":"https:\/\/entermatic.pl\/de\/griffe-und-rosetten","title":{"rendered":"Griffe und Rosetten"},"content":{"rendered":"","protected":false},"excerpt":{"rendered":"","protected":false},"author":5,"featured_media":0,"parent":0,"menu_order":0,"comment_status":"closed","ping_status":"closed","template":"","meta":{"footnotes":""},"class_list":["post-4475","page","type-page","status-publish","hentry"],"yoast_head":"<!-- This site is optimized with the Yoast SEO plugin v27.4 - https:\/\/yoast.com\/product\/yoast-seo-wordpress\/ -->\n<title>Griffe und Rosetten - Entermatic<\/title>\n<meta name=\"description\" content=\"Entermatic \u27a4 Griffe und Rosetten \u2714 Sprawd\u017a szczeg\u00f3\u0142y oferty wysokiej jako\u015bci produkt\u00f3w bezpo\u015brednio od producenta \u2714 Okna, drzwi aluminiowe i wiele wi\u0119cej!\" \/>\n<meta name=\"robots\" content=\"index, follow, max-snippet:-1, max-image-preview:large, max-video-preview:-1\" \/>\n<link rel=\"canonical\" href=\"https:\/\/entermatic.pl\/de\/griffe-und-rosetten\" \/>\n<meta property=\"og:locale\" content=\"de_DE\" \/>\n<meta property=\"og:type\" content=\"article\" \/>\n<meta property=\"og:title\" content=\"Griffe und Rosetten - Entermatic\" \/>\n<meta property=\"og:description\" content=\"Entermatic \u27a4 Griffe und Rosetten \u2714 Sprawd\u017a szczeg\u00f3\u0142y oferty wysokiej jako\u015bci produkt\u00f3w bezpo\u015brednio od producenta \u2714 Okna, drzwi aluminiowe i wiele wi\u0119cej!\" \/>\n<meta property=\"og:url\" content=\"https:\/\/entermatic.pl\/de\/griffe-und-rosetten\" \/>\n<meta property=\"og:site_name\" content=\"Entermatic\" \/>\n<meta property=\"article:modified_time\" content=\"2025-05-19T12:33:55+00:00\" \/>\n<meta name=\"twitter:card\" content=\"summary_large_image\" \/>\n<script type=\"application\/ld+json\" class=\"yoast-schema-graph\">{\"@context\":\"https:\\\/\\\/schema.org\",\"@graph\":[{\"@type\":\"WebPage\",\"@id\":\"https:\\\/\\\/entermatic.pl\\\/de\\\/griffe-und-rosetten\",\"url\":\"https:\\\/\\\/entermatic.pl\\\/de\\\/griffe-und-rosetten\",\"name\":\"Griffe und Rosetten - Entermatic\",\"isPartOf\":{\"@id\":\"https:\\\/\\\/entermatic.pl\\\/de#website\"},\"datePublished\":\"2023-12-19T10:40:15+00:00\",\"dateModified\":\"2025-05-19T12:33:55+00:00\",\"description\":\"Entermatic \u27a4 Griffe und Rosetten \u2714 Sprawd\u017a szczeg\u00f3\u0142y oferty wysokiej jako\u015bci produkt\u00f3w bezpo\u015brednio od producenta \u2714 Okna, drzwi aluminiowe i wiele wi\u0119cej!\",\"breadcrumb\":{\"@id\":\"https:\\\/\\\/entermatic.pl\\\/de\\\/griffe-und-rosetten#breadcrumb\"},\"inLanguage\":\"de\",\"potentialAction\":[{\"@type\":\"ReadAction\",\"target\":[\"https:\\\/\\\/entermatic.pl\\\/de\\\/griffe-und-rosetten\"]}]},{\"@type\":\"BreadcrumbList\",\"@id\":\"https:\\\/\\\/entermatic.pl\\\/de\\\/griffe-und-rosetten#breadcrumb\",\"itemListElement\":[{\"@type\":\"ListItem\",\"position\":1,\"name\":\"Strona g\u0142\u00f3wna\",\"item\":\"https:\\\/\\\/entermatic.pl\\\/de\"},{\"@type\":\"ListItem\",\"position\":2,\"name\":\"Griffe und Rosetten\"}]},{\"@type\":\"WebSite\",\"@id\":\"https:\\\/\\\/entermatic.pl\\\/de#website\",\"url\":\"https:\\\/\\\/entermatic.pl\\\/de\",\"name\":\"Entermatic\",\"description\":\"\",\"potentialAction\":[{\"@type\":\"SearchAction\",\"target\":{\"@type\":\"EntryPoint\",\"urlTemplate\":\"https:\\\/\\\/entermatic.pl\\\/de?s={search_term_string}\"},\"query-input\":{\"@type\":\"PropertyValueSpecification\",\"valueRequired\":true,\"valueName\":\"search_term_string\"}}],\"inLanguage\":\"de\"}]}<\/script>\n<!-- \/ Yoast SEO plugin. -->","yoast_head_json":{"title":"Griffe und Rosetten - Entermatic","description":"Entermatic \u27a4 Griffe und Rosetten \u2714 Sprawd\u017a szczeg\u00f3\u0142y oferty wysokiej jako\u015bci produkt\u00f3w bezpo\u015brednio od producenta \u2714 Okna, drzwi aluminiowe i wiele wi\u0119cej!","robots":{"index":"index","follow":"follow","max-snippet":"max-snippet:-1","max-image-preview":"max-image-preview:large","max-video-preview":"max-video-preview:-1"},"canonical":"https:\/\/entermatic.pl\/de\/griffe-und-rosetten","og_locale":"de_DE","og_type":"article","og_title":"Griffe und Rosetten - Entermatic","og_description":"Entermatic \u27a4 Griffe und Rosetten \u2714 Sprawd\u017a szczeg\u00f3\u0142y oferty wysokiej jako\u015bci produkt\u00f3w bezpo\u015brednio od producenta \u2714 Okna, drzwi aluminiowe i wiele wi\u0119cej!","og_url":"https:\/\/entermatic.pl\/de\/griffe-und-rosetten","og_site_name":"Entermatic","article_modified_time":"2025-05-19T12:33:55+00:00","twitter_card":"summary_large_image","schema":{"@context":"https:\/\/schema.org","@graph":[{"@type":"WebPage","@id":"https:\/\/entermatic.pl\/de\/griffe-und-rosetten","url":"https:\/\/entermatic.pl\/de\/griffe-und-rosetten","name":"Griffe und Rosetten - Entermatic","isPartOf":{"@id":"https:\/\/entermatic.pl\/de#website"},"datePublished":"2023-12-19T10:40:15+00:00","dateModified":"2025-05-19T12:33:55+00:00","description":"Entermatic \u27a4 Griffe und Rosetten \u2714 Sprawd\u017a szczeg\u00f3\u0142y oferty wysokiej jako\u015bci produkt\u00f3w bezpo\u015brednio od producenta \u2714 Okna, drzwi aluminiowe i wiele wi\u0119cej!","breadcrumb":{"@id":"https:\/\/entermatic.pl\/de\/griffe-und-rosetten#breadcrumb"},"inLanguage":"de","potentialAction":[{"@type":"ReadAction","target":["https:\/\/entermatic.pl\/de\/griffe-und-rosetten"]}]},{"@type":"BreadcrumbList","@id":"https:\/\/entermatic.pl\/de\/griffe-und-rosetten#breadcrumb","itemListElement":[{"@type":"ListItem","position":1,"name":"Strona g\u0142\u00f3wna","item":"https:\/\/entermatic.pl\/de"},{"@type":"ListItem","position":2,"name":"Griffe und Rosetten"}]},{"@type":"WebSite","@id":"https:\/\/entermatic.pl\/de#website","url":"https:\/\/entermatic.pl\/de","name":"Entermatic","description":"","potentialAction":[{"@type":"SearchAction","target":{"@type":"EntryPoint","urlTemplate":"https:\/\/entermatic.pl\/de?s={search_term_string}"},"query-input":{"@type":"PropertyValueSpecification","valueRequired":true,"valueName":"search_term_string"}}],"inLanguage":"de"}]}},"_links":{"self":[{"href":"https:\/\/entermatic.pl\/de\/wp-json\/wp\/v2\/pages\/4475","targetHints":{"allow":["GET"]}}],"collection":[{"href":"https:\/\/entermatic.pl\/de\/wp-json\/wp\/v2\/pages"}],"about":[{"href":"https:\/\/entermatic.pl\/de\/wp-json\/wp\/v2\/types\/page"}],"author":[{"embeddable":true,"href":"https:\/\/entermatic.pl\/de\/wp-json\/wp\/v2\/users\/5"}],"replies":[{"embeddable":true,"href":"https:\/\/entermatic.pl\/de\/wp-json\/wp\/v2\/comments?post=4475"}],"version-history":[{"count":1,"href":"https:\/\/entermatic.pl\/de\/wp-json\/wp\/v2\/pages\/4475\/revisions"}],"predecessor-version":[{"id":4607,"href":"https:\/\/entermatic.pl\/de\/wp-json\/wp\/v2\/pages\/4475\/revisions\/4607"}],"wp:attachment":[{"href":"https:\/\/entermatic.pl\/de\/wp-json\/wp\/v2\/media?parent=4475"}],"curies":[{"name":"wp","href":"https:\/\/api.w.org\/{rel}","templated":true}]}}