{"id":4482,"date":"2023-11-29T00:39:44","date_gmt":"2023-11-28T23:39:44","guid":{"rendered":"https:\/\/entermatic.pl\/products"},"modified":"2025-05-09T08:11:58","modified_gmt":"2025-05-09T06:11:58","slug":"products","status":"publish","type":"page","link":"https:\/\/entermatic.pl\/en\/products","title":{"rendered":"Products"},"content":{"rendered":"","protected":false},"excerpt":{"rendered":"","protected":false},"author":5,"featured_media":0,"parent":0,"menu_order":0,"comment_status":"closed","ping_status":"closed","template":"","meta":{"footnotes":""},"class_list":["post-4482","page","type-page","status-publish","hentry"],"yoast_head":"<!-- This site is optimized with the Yoast SEO plugin v27.6 - https:\/\/yoast.com\/product\/yoast-seo-wordpress\/ -->\n<title>Products - Entermatic<\/title>\n<meta name=\"description\" content=\"Entermatic \u27a4 Products \u2714 Sprawd\u017a szczeg\u00f3\u0142y oferty wysokiej jako\u015bci produkt\u00f3w bezpo\u015brednio od producenta \u2714 Okna, drzwi aluminiowe i wiele wi\u0119cej!\" \/>\n<meta name=\"robots\" content=\"index, follow, max-snippet:-1, max-image-preview:large, max-video-preview:-1\" \/>\n<link rel=\"canonical\" href=\"https:\/\/entermatic.pl\/en\/products\" \/>\n<meta property=\"og:locale\" content=\"en_US\" \/>\n<meta property=\"og:type\" content=\"article\" \/>\n<meta property=\"og:title\" content=\"Products - Entermatic\" \/>\n<meta property=\"og:description\" content=\"Entermatic \u27a4 Products \u2714 Sprawd\u017a szczeg\u00f3\u0142y oferty wysokiej jako\u015bci produkt\u00f3w bezpo\u015brednio od producenta \u2714 Okna, drzwi aluminiowe i wiele wi\u0119cej!\" \/>\n<meta property=\"og:url\" content=\"https:\/\/entermatic.pl\/en\/products\" \/>\n<meta property=\"og:site_name\" content=\"Entermatic\" \/>\n<meta property=\"article:modified_time\" content=\"2025-05-09T06:11:58+00:00\" \/>\n<meta name=\"twitter:card\" content=\"summary_large_image\" \/>\n<script type=\"application\/ld+json\" class=\"yoast-schema-graph\">{\"@context\":\"https:\\\/\\\/schema.org\",\"@graph\":[{\"@type\":\"WebPage\",\"@id\":\"https:\\\/\\\/entermatic.pl\\\/en\\\/products\",\"url\":\"https:\\\/\\\/entermatic.pl\\\/en\\\/products\",\"name\":\"Products - Entermatic\",\"isPartOf\":{\"@id\":\"https:\\\/\\\/entermatic.pl\\\/en#website\"},\"datePublished\":\"2023-11-28T23:39:44+00:00\",\"dateModified\":\"2025-05-09T06:11:58+00:00\",\"description\":\"Entermatic \u27a4 Products \u2714 Sprawd\u017a szczeg\u00f3\u0142y oferty wysokiej jako\u015bci produkt\u00f3w bezpo\u015brednio od producenta \u2714 Okna, drzwi aluminiowe i wiele wi\u0119cej!\",\"breadcrumb\":{\"@id\":\"https:\\\/\\\/entermatic.pl\\\/en\\\/products#breadcrumb\"},\"inLanguage\":\"en-US\",\"potentialAction\":[{\"@type\":\"ReadAction\",\"target\":[\"https:\\\/\\\/entermatic.pl\\\/en\\\/products\"]}]},{\"@type\":\"BreadcrumbList\",\"@id\":\"https:\\\/\\\/entermatic.pl\\\/en\\\/products#breadcrumb\",\"itemListElement\":[{\"@type\":\"ListItem\",\"position\":1,\"name\":\"Strona g\u0142\u00f3wna\",\"item\":\"https:\\\/\\\/entermatic.pl\\\/en\"},{\"@type\":\"ListItem\",\"position\":2,\"name\":\"Products\"}]},{\"@type\":\"WebSite\",\"@id\":\"https:\\\/\\\/entermatic.pl\\\/en#website\",\"url\":\"https:\\\/\\\/entermatic.pl\\\/en\",\"name\":\"Entermatic\",\"description\":\"\",\"potentialAction\":[{\"@type\":\"SearchAction\",\"target\":{\"@type\":\"EntryPoint\",\"urlTemplate\":\"https:\\\/\\\/entermatic.pl\\\/en?s={search_term_string}\"},\"query-input\":{\"@type\":\"PropertyValueSpecification\",\"valueRequired\":true,\"valueName\":\"search_term_string\"}}],\"inLanguage\":\"en-US\"}]}<\/script>\n<!-- \/ Yoast SEO plugin. -->","yoast_head_json":{"title":"Products - Entermatic","description":"Entermatic \u27a4 Products \u2714 Sprawd\u017a szczeg\u00f3\u0142y oferty wysokiej jako\u015bci produkt\u00f3w bezpo\u015brednio od producenta \u2714 Okna, drzwi aluminiowe i wiele wi\u0119cej!","robots":{"index":"index","follow":"follow","max-snippet":"max-snippet:-1","max-image-preview":"max-image-preview:large","max-video-preview":"max-video-preview:-1"},"canonical":"https:\/\/entermatic.pl\/en\/products","og_locale":"en_US","og_type":"article","og_title":"Products - Entermatic","og_description":"Entermatic \u27a4 Products \u2714 Sprawd\u017a szczeg\u00f3\u0142y oferty wysokiej jako\u015bci produkt\u00f3w bezpo\u015brednio od producenta \u2714 Okna, drzwi aluminiowe i wiele wi\u0119cej!","og_url":"https:\/\/entermatic.pl\/en\/products","og_site_name":"Entermatic","article_modified_time":"2025-05-09T06:11:58+00:00","twitter_card":"summary_large_image","schema":{"@context":"https:\/\/schema.org","@graph":[{"@type":"WebPage","@id":"https:\/\/entermatic.pl\/en\/products","url":"https:\/\/entermatic.pl\/en\/products","name":"Products - Entermatic","isPartOf":{"@id":"https:\/\/entermatic.pl\/en#website"},"datePublished":"2023-11-28T23:39:44+00:00","dateModified":"2025-05-09T06:11:58+00:00","description":"Entermatic \u27a4 Products \u2714 Sprawd\u017a szczeg\u00f3\u0142y oferty wysokiej jako\u015bci produkt\u00f3w bezpo\u015brednio od producenta \u2714 Okna, drzwi aluminiowe i wiele wi\u0119cej!","breadcrumb":{"@id":"https:\/\/entermatic.pl\/en\/products#breadcrumb"},"inLanguage":"en-US","potentialAction":[{"@type":"ReadAction","target":["https:\/\/entermatic.pl\/en\/products"]}]},{"@type":"BreadcrumbList","@id":"https:\/\/entermatic.pl\/en\/products#breadcrumb","itemListElement":[{"@type":"ListItem","position":1,"name":"Strona g\u0142\u00f3wna","item":"https:\/\/entermatic.pl\/en"},{"@type":"ListItem","position":2,"name":"Products"}]},{"@type":"WebSite","@id":"https:\/\/entermatic.pl\/en#website","url":"https:\/\/entermatic.pl\/en","name":"Entermatic","description":"","potentialAction":[{"@type":"SearchAction","target":{"@type":"EntryPoint","urlTemplate":"https:\/\/entermatic.pl\/en?s={search_term_string}"},"query-input":{"@type":"PropertyValueSpecification","valueRequired":true,"valueName":"search_term_string"}}],"inLanguage":"en-US"}]}},"_links":{"self":[{"href":"https:\/\/entermatic.pl\/en\/wp-json\/wp\/v2\/pages\/4482","targetHints":{"allow":["GET"]}}],"collection":[{"href":"https:\/\/entermatic.pl\/en\/wp-json\/wp\/v2\/pages"}],"about":[{"href":"https:\/\/entermatic.pl\/en\/wp-json\/wp\/v2\/types\/page"}],"author":[{"embeddable":true,"href":"https:\/\/entermatic.pl\/en\/wp-json\/wp\/v2\/users\/5"}],"replies":[{"embeddable":true,"href":"https:\/\/entermatic.pl\/en\/wp-json\/wp\/v2\/comments?post=4482"}],"version-history":[{"count":1,"href":"https:\/\/entermatic.pl\/en\/wp-json\/wp\/v2\/pages\/4482\/revisions"}],"predecessor-version":[{"id":4565,"href":"https:\/\/entermatic.pl\/en\/wp-json\/wp\/v2\/pages\/4482\/revisions\/4565"}],"wp:attachment":[{"href":"https:\/\/entermatic.pl\/en\/wp-json\/wp\/v2\/media?parent=4482"}],"curies":[{"name":"wp","href":"https:\/\/api.w.org\/{rel}","templated":true}]}}